{"id":1082,"date":"2020-06-10T13:45:48","date_gmt":"2020-06-10T11:45:48","guid":{"rendered":"http:\/\/rognstrandacamping.no\/personvern\/"},"modified":"2020-11-03T08:50:32","modified_gmt":"2020-11-03T07:50:32","slug":"personvern","status":"publish","type":"page","link":"https:\/\/rognstrandacamping.no\/en\/personvern\/","title":{"rendered":"Personvern"},"content":{"rendered":"\t\t<div data-elementor-type=\"wp-page\" data-elementor-id=\"1082\" class=\"elementor elementor-1082 elementor-831\" data-elementor-post-type=\"page\">\n\t\t\t\t\t\t<section class=\"elementor-section elementor-top-section elementor-element elementor-element-d5d1a6f elementor-section-boxed elementor-section-height-default elementor-section-height-default\" data-id=\"d5d1a6f\" data-element_type=\"section\" data-e-type=\"section\">\n\t\t\t\t\t\t<div class=\"elementor-container elementor-column-gap-default\">\n\t\t\t\t\t<div class=\"elementor-column elementor-col-100 elementor-top-column elementor-element elementor-element-89f0cc8\" data-id=\"89f0cc8\" data-element_type=\"column\" data-e-type=\"column\">\n\t\t\t<div class=\"elementor-widget-wrap elementor-element-populated\">\n\t\t\t\t\t\t<div class=\"elementor-element elementor-element-738e385 elementor-widget elementor-widget-heading\" data-id=\"738e385\" data-element_type=\"widget\" data-e-type=\"widget\" data-widget_type=\"heading.default\">\n\t\t\t\t<div class=\"elementor-widget-container\">\n\t\t\t\t\t<h2 class=\"elementor-heading-title elementor-size-default\">Personvernerkl\u00e6ring<\/h2>\t\t\t\t<\/div>\n\t\t\t\t<\/div>\n\t\t\t\t\t<\/div>\n\t\t<\/div>\n\t\t\t\t\t<\/div>\n\t\t<\/section>\n\t\t\t\t<section class=\"elementor-section elementor-top-section elementor-element elementor-element-ce93706 elementor-section-boxed elementor-section-height-default elementor-section-height-default\" data-id=\"ce93706\" data-element_type=\"section\" data-e-type=\"section\">\n\t\t\t\t\t\t<div class=\"elementor-container elementor-column-gap-default\">\n\t\t\t\t\t<div class=\"elementor-column elementor-col-100 elementor-top-column elementor-element elementor-element-74fad1a\" data-id=\"74fad1a\" data-element_type=\"column\" data-e-type=\"column\">\n\t\t\t<div class=\"elementor-widget-wrap elementor-element-populated\">\n\t\t\t\t\t\t<div class=\"elementor-element elementor-element-ad5d662 elementor-widget elementor-widget-text-editor\" data-id=\"ad5d662\" data-element_type=\"widget\" data-e-type=\"widget\" data-widget_type=\"text-editor.default\">\n\t\t\t\t<div class=\"elementor-widget-container\">\n\t\t\t\t\t\t\t\t\t<h2>1 Generelt<\/h2>\n<p>Denne erkl\u00e6ringen beskriver hvordan Rognstranda Camping samler inn og behandler data som du gir oss eller som vi samler inn via selskapets hjemmeside.<\/p>\n<p>Selskapet er ansvarlig for dine personopplysninger. Alle henvendelser til selskapet m\u00e5 gj\u00f8res gjennom kontaktinformasjon oppf\u00f8rt etter \u00a7 7.<\/p>\n<p>N\u00e5r du bes\u00f8ker nettstedet, samler vi automatisk inn informasjon om deg. Dette kan v\u00e6re hvilken nettleser du bruker, hvilke s\u00f8keord du bruker p\u00e5 v\u00e5r nettside, IP-adresse og informasjon om datamaskinen. Alt dette gj\u00f8res for \u00e5 optimalisere konvertering p\u00e5 nettstedet, forbedre dette og gj\u00f8re m\u00e5lrettet markedsf\u00f8ring.<\/p>\n<p>N\u00e5r du registrerer deg for v\u00e5rt nyhetsbrev, sender oss en henvendelse via v\u00e5rt kontaktskjema eller melder deg p\u00e5 et av v\u00e5re arrangementer via p\u00e5meldingsskjemaer, samtykker du at vi kan samle informasjon om deg. Dette er typisk navn, adresse, e-postadresse, telefonnummer og eventuell annen informasjon som vi trenger til \u00e5 gjennomf\u00f8re m\u00f8ter og aktiviteter.<\/p>\n<p>Vi bruker informasjonen vi samler inn i forbindelse med din registrering for nyhetsbrev til \u00e5 administrere din p\u00e5melding, for \u00e5 tilby deg direkte markedsf\u00f8ring, samt \u00e5 informere deg om v\u00e5re tjenester og annet som du har gitt ditt eget samtykke til at vi kan sende deg.<\/p>\n<h2>2 Hva er grunnlaget for innsamlingen?<\/h2>\n<p>Innsamling av informasjon, som nevnt over, er n\u00f8dvendig for at vi kan forbedre brukervennligheten og tilby deg relevant informasjon.<\/p>\n<p>Vi vil bare bruke IP-adressen til \u00e5 fastsl\u00e5 din geografiske plassering, hvis vi har mottatt ditt eget samtykke og innsamlingen av informasjon er n\u00f8dvendig for at vi kan oppfylle v\u00e5r avtale med deg.<\/p>\n<p>Vi samler bare annen informasjon som nevnt over hvis du setter ditt uttrykkelige samtykke.<\/p>\n<h2>3 Bruk av data-prosessorer<\/h2>\n<p>Rognstranda Camping er ansvarlige for dataene, og de skal ikke brukes til andre form\u00e5l enn gjennomf\u00f8ring av kontrakten med oss. I de tilfellene der vi benytter oss av eksterne databehandlere, vil ansvaret for dataene sikres gjennom databehandlerens egen sertifisering.<br \/>Ett av disse eksemplene for datah\u00e5ndtering, er Google Analytics v\/Google Inc, etablert i USA. Passende vernetiltak for overf\u00f8ring av informasjon til USA sikres gjennom databehandlerens sertifisering under EU-US privacy. En kopi av sertifiseringen finnes <a href=\"https:\/\/www.privacyshield.gov\/participant?id=a2zt000000001L5AAI\">her<\/a><\/p>\n<h2>4 Dine rettigheter<\/h2>\n<p>Under finner du informasjon om dine rettigheter.<\/p>\n<h3>Innsikt<\/h3>\n<p>Du har n\u00e5r som helst rett til \u00e5 sp\u00f8rre oss om hvilken informasjon vi har registrert om deg, hva form\u00e5let for registreringen er, hvilke kategorier av personopplysninger, eventuelle mottakerne av informasjon, samt informasjon om dataens opprinnelse.<\/p>\n<p>Du har rett til \u00e5 f\u00e5 en kopi av de personlige detaljene vi har lagret om deg. \u00d8nsker du en kopi av dine personlige data, vennligst send en skriftlig foresp\u00f8rsel, sammen med identifikasjon om at du er den aktuelle (kopi av pass\/f\u00f8rerkort e.l.).<\/p>\n<h3>Rett svar<\/h3>\n<p>Du har rett til \u00e5 korrigere feil i personopplysninger som vi har registrert om deg. Hvis du blir klar over at det er feil i informasjonen vi har registrert om deg, sender du oss en skriftlig henvendelse til oss med korrigert informasjon.<\/p>\n<h3>Rett til \u00e5 slette<\/h3>\n<p>Du har rett til \u00e5 f\u00e5 noen av eller alle dine personopplysninger slettet av oss, for eksempel hvis du trekker tilbake ditt samtykke til registreringene v\u00e5re. I den grad at behandlingen av din informasjon er n\u00f8dvendig, for eksempel for \u00e5 overholde v\u00e5re lovp\u00e5lagte forpliktelser, er vi ikke forpliktet til \u00e5 slette de personlige dataene.<\/p>\n<h3>Retten til \u00e5 begrense behandling for lagring<\/h3>\n<p>Du har i noen tilfeller ogs\u00e5 rett til at dine personlige data kun begrenses til lagring, for eksempel hvis du mener at informasjonen vi har om deg ikke er riktig.<\/p>\n<h3>Rett til datamobilitet<\/h3>\n<p>Du har rett til \u00e5 ha dine personlige data i et strukturert, ofte brukt og maskinlesbart format, og rett til \u00e5 overf\u00f8re denne informasjonen n\u00e5r vi samler inn din personlige informasjon i forbindelse med:<\/p>\n<ul>\n<li>at du gir ditt samtykke til \u00e5 bruke IP-adressen til \u00e5 fastsl\u00e5 din geografiske plassering<\/li>\n<li>at du gir ditt samtykke til p\u00e5melding av nyhetsbrevet<\/li>\n<li>at du gir ditt samtykke til p\u00e5melding av aktiviteter og m\u00f8ter<\/li>\n<\/ul>\n<h3>Rett til innsigelse<\/h3>\n<p>Du har til enhver tid rett til \u00e5 motsette deg v\u00e5r behandling av dine personlige data som vi samler inn for \u00e5 forbedre nettstedets brukervennlighet.<\/p>\n<p>Du har til enhver tid rett til \u00e5 gi en innsigelse til v\u00e5r behandling av dine personlige data som vi h\u00e5ndterer i forbindelse med direkte markedsf\u00f8ring. Hvis du ikke aksepterer denne behandlingen, har vi ikke lenger rett til \u00e5 h\u00e5ndtere din personlige informasjon, med mindre vi kan vise legitime grunner til \u00e5 fortsette denne.<\/p>\n<h3>Rett til \u00e5 tilbakekalle samtykke<\/h3>\n<p>Du har til enhver tid rett til \u00e5 oppheve ditt samtykke til \u00e5 at vi kan bruke IP-adressen til \u00e5 fastsl\u00e5 din geografiske plassering, samtykke til p\u00e5melding til v\u00e5rt nyhetsbrev eller p\u00e5melding til v\u00e5re m\u00f8ter og aktiviteter. Hvis du opphever ditt samtykke, kan vi i noen tilfeller fortsatt v\u00e6re berettiget til \u00e5 fortsette behandlingen. I slike tilfeller vil du f\u00e5 informasjon om det.<br \/>Hvis du \u00f8nsker \u00e5 trekke tilbake ditt samtykke, vennligst ta kontakt med <a href=\"mailto:post@rognstrandacamping.no\">post@rognstrandacamping.no<\/a>.<\/p>\n<h3>Rett til \u00e5 klage<\/h3>\n<p>Du har rett til \u00e5 sende en klage til Datatilsynet, Postboks 8177 Dep., 0152 Oslo over v\u00e5r behandling av dine personlige data.<\/p>\n<h2>5 Sletting av personlige opplysninger<\/h2>\n<p>Hvis du ikke bruker v\u00e5rt nettsted over en periode p\u00e5 ett \u00e5r, vil vi automatisk slette dine personlige data som vi ikke er lovp\u00e5lagt \u00e5 lagre i et lengre tidsrom. Med mindre vi har rett til \u00e5 fortsette behandlingen, sletter vi dine personlige data dersom du trekker ditt samtykke til at vi kan lagre informasjonen som vi har samlet i forbindelse med markedsf\u00f8ring p\u00e5 e-post, SMS og post til deg.<\/p>\n<p>Vi sletter dine personlige data dersom du trekker ditt samtykke til at vi kan lagre informasjonen vi har samlet inn i forbindelse med abonnement p\u00e5 v\u00e5rt nyhetsbrev. Du har til enhver tid anledning til \u00e5 melde deg p\u00e5 eller av v\u00e5rt nyhetsbrev-abonnement. Ved avmelding slettes automatisk dataene vi har samlet om deg.<\/p>\n<h2>6 Sikkerhet<\/h2>\n<p>Vi har gjennomf\u00f8rt n\u00f8dvendige tekniske og organisatoriske sikkerhetstiltak for \u00e5 unng\u00e5 at personopplysninger utilsiktet eller ulovlig \u00f8delegges, forsvinner, endres eller forringes, s\u00e5 vel som at de kommer til tredjeparts kunnskap eller misbrukt.<br \/>Det er kun ansatte som har direkte behov for denne informasjonen i sitt arbeid som f\u00e5r tilgang til dine personopplysninger.<\/p>\n<h2>7 Kontaktinformasjon<\/h2>\n<p>Rognstranda Camping er ansvarlig for de personlige data som samles inn via nettsiden. Hvis du har sp\u00f8rsm\u00e5l eller kommentarer p\u00e5 disse retningslinjene for personvern, kan du kontakte:<br \/>Rognstranda Camping, v\/daglig leder Rolf Kenneth L\u00f8nnberg \u2013 <a href=\"mailto:post@rognstrandacamping.no\">post@rognstrandacamping.no<\/a>.<\/p>\n<h2>8 Endringer i personvernet<\/h2>\n<p>Vi har rett til n\u00e5r som helst \u00e5 gj\u00f8re endringer i denne personvernerkl\u00e6ringen. Hvis vi gj\u00f8r endringer i retningslinjene for personvern, vil du bli informert om dette p\u00e5 ditt neste bes\u00f8k til nettstedet.<\/p>\n<p>Hvis du ikke godtar de reviderte retningslinjene, har du ikke mulighet til \u00e5 fortsette \u00e5 bruke nettstedet og personopplysningene kan slettes.<\/p>\n<h4>Versjoner<\/h4>\n<p>Dette er versjon 1.0 av selskapets personvern, datert 10\/06\/2020.<\/p>\n\t\t\t\t\t\t\t\t<\/div>\n\t\t\t\t<\/div>\n\t\t\t\t\t<\/div>\n\t\t<\/div>\n\t\t\t\t\t<\/div>\n\t\t<\/section>\n\t\t\t\t<\/div>\n\t\t","protected":false},"excerpt":{"rendered":"<p>Personvernerkl\u00e6ring 1 Generelt Denne erkl\u00e6ringen beskriver hvordan Rognstranda Camping samler inn og behandler data som du gir oss eller som vi samler inn via selskapets hjemmeside. Selskapet er ansvarlig for dine personopplysninger. Alle henvendelser til selskapet m\u00e5 gj\u00f8res gjennom kontaktinformasjon oppf\u00f8rt etter \u00a7 7. N\u00e5r du bes\u00f8ker nettstedet, samler vi automatisk inn informasjon om deg. [&hellip;]<\/p>\n","protected":false},"author":200,"featured_media":0,"parent":0,"menu_order":0,"comment_status":"closed","ping_status":"closed","template":"","meta":{"_acf_changed":false,"site-sidebar-layout":"no-sidebar","site-content-layout":"page-builder","ast-site-content-layout":"default","site-content-style":"default","site-sidebar-style":"default","ast-global-header-display":"","ast-banner-title-visibility":"","ast-main-header-display":"","ast-hfb-above-header-display":"","ast-hfb-below-header-display":"","ast-hfb-mobile-header-display":"","site-post-title":"disabled","ast-breadcrumbs-content":"","ast-featured-img":"disabled","footer-sml-layout":"","ast-disable-related-posts":"","theme-transparent-header-meta":"default","adv-header-id-meta":"","stick-header-meta":"","header-above-stick-meta":"","header-main-stick-meta":"","header-below-stick-meta":"","astra-migrate-meta-layouts":"default","ast-page-background-enabled":"default","ast-page-background-meta":{"desktop":{"background-color":"","background-image":"","background-repeat":"repeat","background-position":"center center","background-size":"auto","background-attachment":"scroll","background-type":"","background-media":"","overlay-type":"","overlay-color":"","overlay-opacity":"","overlay-gradient":""},"tablet":{"background-color":"","background-image":"","background-repeat":"repeat","background-position":"center center","background-size":"auto","background-attachment":"scroll","background-type":"","background-media":"","overlay-type":"","overlay-color":"","overlay-opacity":"","overlay-gradient":""},"mobile":{"background-color":"","background-image":"","background-repeat":"repeat","background-position":"center center","background-size":"auto","background-attachment":"scroll","background-type":"","background-media":"","overlay-type":"","overlay-color":"","overlay-opacity":"","overlay-gradient":""}},"ast-content-background-meta":{"desktop":{"background-color":"var(--ast-global-color-5)","background-image":"","background-repeat":"repeat","background-position":"center center","background-size":"auto","background-attachment":"scroll","background-type":"","background-media":"","overlay-type":"","overlay-color":"","overlay-opacity":"","overlay-gradient":""},"tablet":{"background-color":"var(--ast-global-color-5)","background-image":"","background-repeat":"repeat","background-position":"center center","background-size":"auto","background-attachment":"scroll","background-type":"","background-media":"","overlay-type":"","overlay-color":"","overlay-opacity":"","overlay-gradient":""},"mobile":{"background-color":"var(--ast-global-color-5)","background-image":"","background-repeat":"repeat","background-position":"center center","background-size":"auto","background-attachment":"scroll","background-type":"","background-media":"","overlay-type":"","overlay-color":"","overlay-opacity":"","overlay-gradient":""}},"footnotes":""},"class_list":["post-1082","page","type-page","status-publish","hentry"],"acf":[],"yoast_head":"<!-- This site is optimized with the Yoast SEO plugin v27.3 - https:\/\/yoast.com\/product\/yoast-seo-wordpress\/ -->\n<title>Rognstranda Camping - Personvern<\/title>\n<meta name=\"description\" content=\"Privacy policy\" \/>\n<meta name=\"robots\" content=\"index, follow, max-snippet:-1, max-image-preview:large, max-video-preview:-1\" \/>\n<link rel=\"canonical\" href=\"https:\/\/rognstrandacamping.no\/en\/personvern\/\" \/>\n<meta property=\"og:locale\" content=\"en_US\" \/>\n<meta property=\"og:type\" content=\"article\" \/>\n<meta property=\"og:title\" content=\"Personvern\" \/>\n<meta property=\"og:description\" content=\"Personvern\" \/>\n<meta property=\"og:url\" content=\"https:\/\/rognstrandacamping.no\/en\/personvern\/\" \/>\n<meta property=\"og:site_name\" content=\"Rognstranda Camping\" \/>\n<meta property=\"article:publisher\" content=\"https:\/\/www.facebook.com\/rognstrandacamping\/\" \/>\n<meta property=\"article:modified_time\" content=\"2020-11-03T07:50:32+00:00\" \/>\n<meta name=\"twitter:card\" content=\"summary_large_image\" \/>\n<meta name=\"twitter:label1\" content=\"Est. reading time\" \/>\n\t<meta name=\"twitter:data1\" content=\"6 minutes\" \/>\n<script type=\"application\/ld+json\" class=\"yoast-schema-graph\">{\"@context\":\"https:\\\/\\\/schema.org\",\"@graph\":[{\"@type\":\"WebPage\",\"@id\":\"https:\\\/\\\/rognstrandacamping.no\\\/en\\\/personvern\\\/\",\"url\":\"https:\\\/\\\/rognstrandacamping.no\\\/en\\\/personvern\\\/\",\"name\":\"Rognstranda Camping - Personvern\",\"isPartOf\":{\"@id\":\"https:\\\/\\\/rognstrandacamping.no\\\/#website\"},\"datePublished\":\"2020-06-10T11:45:48+00:00\",\"dateModified\":\"2020-11-03T07:50:32+00:00\",\"description\":\"Privacy policy\",\"breadcrumb\":{\"@id\":\"https:\\\/\\\/rognstrandacamping.no\\\/en\\\/personvern\\\/#breadcrumb\"},\"inLanguage\":\"en-US\",\"potentialAction\":[{\"@type\":\"ReadAction\",\"target\":[\"https:\\\/\\\/rognstrandacamping.no\\\/en\\\/personvern\\\/\"]}]},{\"@type\":\"BreadcrumbList\",\"@id\":\"https:\\\/\\\/rognstrandacamping.no\\\/en\\\/personvern\\\/#breadcrumb\",\"itemListElement\":[{\"@type\":\"ListItem\",\"position\":1,\"name\":\"Home\",\"item\":\"https:\\\/\\\/rognstrandacamping.no\\\/en\\\/rognstranda-campin\\\/\"},{\"@type\":\"ListItem\",\"position\":2,\"name\":\"Personvern\"}]},{\"@type\":\"WebSite\",\"@id\":\"https:\\\/\\\/rognstrandacamping.no\\\/#website\",\"url\":\"https:\\\/\\\/rognstrandacamping.no\\\/\",\"name\":\"Rognstranda Camping\",\"description\":\"\",\"publisher\":{\"@id\":\"https:\\\/\\\/rognstrandacamping.no\\\/#organization\"},\"potentialAction\":[{\"@type\":\"SearchAction\",\"target\":{\"@type\":\"EntryPoint\",\"urlTemplate\":\"https:\\\/\\\/rognstrandacamping.no\\\/?s={search_term_string}\"},\"query-input\":{\"@type\":\"PropertyValueSpecification\",\"valueRequired\":true,\"valueName\":\"search_term_string\"}}],\"inLanguage\":\"en-US\"},{\"@type\":\"Organization\",\"@id\":\"https:\\\/\\\/rognstrandacamping.no\\\/#organization\",\"name\":\"Rognstranda Camping\",\"url\":\"https:\\\/\\\/rognstrandacamping.no\\\/\",\"logo\":{\"@type\":\"ImageObject\",\"inLanguage\":\"en-US\",\"@id\":\"https:\\\/\\\/rognstrandacamping.no\\\/#\\\/schema\\\/logo\\\/image\\\/\",\"url\":\"https:\\\/\\\/rognstrandacamping.no\\\/wp-content\\\/uploads\\\/2020\\\/11\\\/Rognstranda_camping_logo_v.svg\",\"contentUrl\":\"https:\\\/\\\/rognstrandacamping.no\\\/wp-content\\\/uploads\\\/2020\\\/11\\\/Rognstranda_camping_logo_v.svg\",\"width\":1510,\"height\":577,\"caption\":\"Rognstranda Camping\"},\"image\":{\"@id\":\"https:\\\/\\\/rognstrandacamping.no\\\/#\\\/schema\\\/logo\\\/image\\\/\"},\"sameAs\":[\"https:\\\/\\\/www.facebook.com\\\/rognstrandacamping\\\/\"]}]}<\/script>\n<!-- \/ Yoast SEO plugin. -->","yoast_head_json":{"title":"Rognstranda Camping - Personvern","description":"Privacy policy","robots":{"index":"index","follow":"follow","max-snippet":"max-snippet:-1","max-image-preview":"max-image-preview:large","max-video-preview":"max-video-preview:-1"},"canonical":"https:\/\/rognstrandacamping.no\/en\/personvern\/","og_locale":"en_US","og_type":"article","og_title":"Personvern","og_description":"Personvern","og_url":"https:\/\/rognstrandacamping.no\/en\/personvern\/","og_site_name":"Rognstranda Camping","article_publisher":"https:\/\/www.facebook.com\/rognstrandacamping\/","article_modified_time":"2020-11-03T07:50:32+00:00","twitter_card":"summary_large_image","twitter_misc":{"Est. reading time":"6 minutes"},"schema":{"@context":"https:\/\/schema.org","@graph":[{"@type":"WebPage","@id":"https:\/\/rognstrandacamping.no\/en\/personvern\/","url":"https:\/\/rognstrandacamping.no\/en\/personvern\/","name":"Rognstranda Camping - Personvern","isPartOf":{"@id":"https:\/\/rognstrandacamping.no\/#website"},"datePublished":"2020-06-10T11:45:48+00:00","dateModified":"2020-11-03T07:50:32+00:00","description":"Privacy policy","breadcrumb":{"@id":"https:\/\/rognstrandacamping.no\/en\/personvern\/#breadcrumb"},"inLanguage":"en-US","potentialAction":[{"@type":"ReadAction","target":["https:\/\/rognstrandacamping.no\/en\/personvern\/"]}]},{"@type":"BreadcrumbList","@id":"https:\/\/rognstrandacamping.no\/en\/personvern\/#breadcrumb","itemListElement":[{"@type":"ListItem","position":1,"name":"Home","item":"https:\/\/rognstrandacamping.no\/en\/rognstranda-campin\/"},{"@type":"ListItem","position":2,"name":"Personvern"}]},{"@type":"WebSite","@id":"https:\/\/rognstrandacamping.no\/#website","url":"https:\/\/rognstrandacamping.no\/","name":"Rognstranda Camping","description":"","publisher":{"@id":"https:\/\/rognstrandacamping.no\/#organization"},"potentialAction":[{"@type":"SearchAction","target":{"@type":"EntryPoint","urlTemplate":"https:\/\/rognstrandacamping.no\/?s={search_term_string}"},"query-input":{"@type":"PropertyValueSpecification","valueRequired":true,"valueName":"search_term_string"}}],"inLanguage":"en-US"},{"@type":"Organization","@id":"https:\/\/rognstrandacamping.no\/#organization","name":"Rognstranda Camping","url":"https:\/\/rognstrandacamping.no\/","logo":{"@type":"ImageObject","inLanguage":"en-US","@id":"https:\/\/rognstrandacamping.no\/#\/schema\/logo\/image\/","url":"https:\/\/rognstrandacamping.no\/wp-content\/uploads\/2020\/11\/Rognstranda_camping_logo_v.svg","contentUrl":"https:\/\/rognstrandacamping.no\/wp-content\/uploads\/2020\/11\/Rognstranda_camping_logo_v.svg","width":1510,"height":577,"caption":"Rognstranda Camping"},"image":{"@id":"https:\/\/rognstrandacamping.no\/#\/schema\/logo\/image\/"},"sameAs":["https:\/\/www.facebook.com\/rognstrandacamping\/"]}]}},"_links":{"self":[{"href":"https:\/\/rognstrandacamping.no\/en\/wp-json\/wp\/v2\/pages\/1082","targetHints":{"allow":["GET"]}}],"collection":[{"href":"https:\/\/rognstrandacamping.no\/en\/wp-json\/wp\/v2\/pages"}],"about":[{"href":"https:\/\/rognstrandacamping.no\/en\/wp-json\/wp\/v2\/types\/page"}],"author":[{"embeddable":true,"href":"https:\/\/rognstrandacamping.no\/en\/wp-json\/wp\/v2\/users\/200"}],"replies":[{"embeddable":true,"href":"https:\/\/rognstrandacamping.no\/en\/wp-json\/wp\/v2\/comments?post=1082"}],"version-history":[{"count":5,"href":"https:\/\/rognstrandacamping.no\/en\/wp-json\/wp\/v2\/pages\/1082\/revisions"}],"predecessor-version":[{"id":2054,"href":"https:\/\/rognstrandacamping.no\/en\/wp-json\/wp\/v2\/pages\/1082\/revisions\/2054"}],"wp:attachment":[{"href":"https:\/\/rognstrandacamping.no\/en\/wp-json\/wp\/v2\/media?parent=1082"}],"curies":[{"name":"wp","href":"https:\/\/api.w.org\/{rel}","templated":true}]}}